{"id":8291,"date":"2017-10-20T13:23:32","date_gmt":"2017-10-20T11:23:32","guid":{"rendered":"http:\/\/www.telesublanterna.com\/sito\/?page_id=8291\/"},"modified":"2017-10-20T13:23:32","modified_gmt":"2017-10-20T11:23:32","slug":"privacy-policy","status":"publish","type":"page","link":"https:\/\/www.telesublanterna.com\/en\/privacy-policy\/","title":{"rendered":"Privacy Policy"},"content":{"rendered":"<div class=\"wpb-content-wrapper\">[vc_row][vc_column][vc_column_text]\n<div align=\"justify\">\n<h3>Perch\u00e8 questo avviso<\/h3>\n<p>In questa pagina si descrivono le modalit\u00e0 di gestione del sito in riferimento al trattamento dei dati personali degli utenti che lo consultano.<\/p>\n<p>Si tratta di un\u2019informativa che \u00e8 resa anche ai sensi dell\u2019art. 13 del d.lgs. n. 196\/2003 \u2013 Codice in materia di protezione dei dati personali a coloro che interagiscono con i servizi web de Telesub Lanterna s.r.l., accessibili per via telematica a partire dall\u2019indirizzo: telesublanterna.com corrispondente alla pagina iniziale del sito.<br \/>\nL\u2019informativa \u00e8 resa solo per il sito telesublanterna.com e non anche per altri siti web eventualmente consultati dall\u2019utente tramite link.<\/p>\n<p>L\u2019informativa si ispira anche alla Raccomandazione n. 2\/2001 che le autorit\u00e0 europee per la protezione dei dati personali, riunite nel Gruppo istituito dall\u2019art. 29 della direttiva n. 95\/46\/CE, hanno adottato il 17 maggio 2001 per individuare alcuni requisiti minimi per la raccolta di dati personali on-line, e, in particolare, le modalit\u00e0, i tempi e la natura delle informazioni che i titolari del trattamento devono fornire agli utenti quando questi si collegano a pagine web, indipendentemente dagli scopi del collegamento.<\/p>\n<p>La Raccomandazione e una descrizione di sintesi delle sue finalit\u00e0 sono riportate in altre pagine di questo sito.<br \/>\nIl titolare del trattamento<\/p>\n<p>A seguito della consultazione di questo sito possono essere trattati dati relativi a persone identificate o identificabili.<\/p>\n<p>Il \u201ctitolare\u201d del loro trattamento \u00e8 Telesub Lanterna s.r.l., che ha sede in via dei Via Vincinella 15, 19035 &#8211; Ponzano Magra (SP) .<\/p>\n<h3>Luogo di trattamento dei dati<\/h3>\n<p>I trattamenti connessi ai servizi web di questo sito hanno luogo presso la predetta sede di Telesub Lanterna s.r.l. e sono curati solo da personale tecnico incaricato del trattamento, oppure da eventuali incaricati di occasionali operazioni di manutenzione.<\/p>\n<p>Nessun dato derivante dal servizio web viene comunicato o diffuso.<\/p>\n<p>I dati personali forniti dagli utenti che inoltrano richieste di invio di materiale informativo sono utilizzati al solo fine di eseguire il servizio o la prestazione richiesta e sono comunicati a terzi nel solo caso in cui ci\u00f2 sia a tal fine necessario.<br \/>\nTipi di dati trattati<\/p>\n<h3>Dati di navigazione<\/h3>\n<p>I sistemi informatici e le procedure software preposte al funzionamento di questo sito web acquisiscono, nel corso del loro normale esercizio, alcuni dati personali la cui trasmissione \u00e8 implicita nell\u2019uso dei protocolli di comunicazione di Internet.<\/p>\n<p>Si tratta di informazioni che non sono raccolte per essere associate a interessati identificati, ma che per loro stessa natura potrebbero, attraverso elaborazioni ed associazioni con dati detenuti da terzi, permettere di identificare gli utenti.<\/p>\n<p>In questa categoria di dati rientrano gli indirizzi IP o i nomi a dominio dei computer utilizzati dagli utenti che si connettono al sito, gli indirizzi in notazione URI (Uniform Resource Identifier) delle risorse richieste, l\u2019orario della richiesta, il metodo utilizzato nel sottoporre la richiesta al server, la dimensione del file ottenuto in risposta, il codice numerico indicante lo stato della risposta data dal server (buon fine, errore, ecc.) ed altri parametri relativi al sistema operativo e all\u2019ambiente informatico dell\u2019utente.<\/p>\n<p>Questi dati vengono utilizzati al solo fine di ricavare informazioni statistiche anonime sull\u2019uso del sito e per controllarne il corretto funzionamento e vengono cancellati immediatamente dopo l\u2019elaborazione. I dati potrebbero essere utilizzati per l\u2019accertamento di responsabilit\u00e0 in caso di ipotetici reati informatici ai danni del sito: salva questa eventualit\u00e0, allo stato i dati sui contatti web non persistono per pi\u00f9 di sette giorni.<\/p>\n<h3>Dati forniti volontariamente dall\u2019utente<\/h3>\n<p>L\u2019invio facoltativo, esplicito e volontario di posta elettronica agli indirizzi indicati su questo sito comporta la successiva acquisizione dell\u2019indirizzo del mittente, necessario per rispondere alle richieste, nonch\u00e9 degli eventuali altri dati personali inseriti nella missiva.<\/p>\n<p>Specifiche informative di sintesi verranno progressivamente riportate o visualizzate nelle pagine del sito predisposte per particolari servizi a richiesta.<br \/>\nCookies<\/p>\n<p>Nessun dato personale degli utenti viene in proposito acquisito dal sito.<\/p>\n<p>Non viene fatto uso di cookies per la trasmissione di informazioni di carattere personale, n\u00e9 vengono utilizzati c.d. cookies persistenti di alcun tipo, ovvero sistemi per il tracciamento degli utenti.<\/p>\n<p>L\u2019uso di c.d. cookies di sessione (che non vengono memorizzati in modo persistente sul computer dell\u2019utente e svaniscono con la chiusura del browser) \u00e8 strettamente limitato alla trasmissione di identificativi di sessione (costituiti da numeri casuali generati dal server) necessari per consentire l\u2019esplorazione sicura ed efficiente del sito.<\/p>\n<p>I c.d. cookies di sessione utilizzati in questo sito evitano il ricorso ad altre tecniche informatiche potenzialmente pregiudizievoli per la riservatezza della navigazione degli utenti e non consentono l\u2019acquisizione di dati personali identificativi dell\u2019utente.<br \/>\nFacoltativit\u00e0 del conferimento dei dati<\/p>\n<p>A parte quanto specificato per i dati di navigazione, l\u2019utente \u00e8 libero di fornire i dati personali riportati nei moduli di richiesta a Telesub Lanterna s.r.l. o comunque indicati in contatti con l\u2019Ufficio per sollecitare l\u2019invio di materiale informativo o di altre comunicazioni.<\/p>\n<p>Il loro mancato conferimento pu\u00f2 comportare l\u2019impossibilit\u00e0 di ottenere quanto richiesto.<\/p>\n<p>Per completezza va ricordato che in alcuni casi (non oggetto dell\u2019ordinaria gestione di questo sito) l\u2019Autorit\u00e0 pu\u00f2 richiedere notizie e informazioni ai sensi dell\u2019art 157 del d.lgs. n. 196\/2003, ai fini del controllo sul trattamento dei dati personali. In questi casi la risposta \u00e8 obbligatoria a pena di sanzione amministrativa.<br \/>\nModalit\u00e0 del trattamento<\/p>\n<p>I dati personali sono trattati con strumenti automatizzati per il tempo strettamente necessario a conseguire gli scopi per cui sono stati raccolti.<\/p>\n<p>Specifiche misure di sicurezza sono osservate per prevenire la perdita dei dati, usi illeciti o non corretti ed accessi non autorizzati.<br \/>\nDiritti degli interessati<\/p>\n<p>I soggetti cui si riferiscono i dati personali hanno il diritto in qualunque momento di ottenere la conferma dell\u2019esistenza o meno dei medesimi dati e di conoscerne il contenuto e l\u2019origine, verificarne l\u2019esattezza o chiederne l\u2019integrazione o l\u2019aggiornamento, oppure la rettificazione (art. 7 del d.lgs. n. 196\/2003).<\/p>\n<p>Ai sensi del medesimo articolo si ha il diritto di chiedere la cancellazione, la trasformazione in forma anonima o il blocco dei dati trattati in violazione di legge, nonch\u00e9 di opporsi in ogni caso, per motivi legittimi, al loro trattamento.<\/p>\n<p>Le richieste vanno rivolte a Telesub Lanterna s.r.l., che ha sede in Via Vincinella 15, 19035 &#8211; Ponzano Magra (SP) .<br \/>\nP3P<\/p>\n<p>La presente informativa sulla privacy \u00e8 consultabile in forma automatica dai pi\u00f9 recenti browser che implementano lo standard P3P (\u201cPlatform for Privacy Preferences Project\u201d) proposto dal World Wide Web Consortium (www.w3c.org).<\/p>\n<p>Ogni sforzo verr\u00e0 fatto per rendere il pi\u00f9 possibile interoperabili le funzionalit\u00e0 di questo sito con i meccanismi di controllo automatico della privacy disponibili in alcuni prodotti utilizzati dagli utenti.<\/p>\n<p>Considerando che lo stato di perfezionamento dei meccanismi automatici di controllo non li rende attualmente esenti da errori e disfunzioni, si precisa che il presente documento, pubblicato all\u2019indirizzo https:\/\/www.telesublanterna.com\/privacy-policy\/ costituisce la \u201cPrivacy Policy\u201d di questo sito che sar\u00e0 soggetta ad aggiornamenti (restano le varie versioni consultabili al medesimo indirizzo).<\/p>\n<\/div>\n[\/vc_column_text][\/vc_column][\/vc_row]\n<\/div>","protected":false},"excerpt":{"rendered":"<p>[vc_row][vc_column][vc_column_text] Perch\u00e8 questo avviso In questa pagina si descrivono le modalit\u00e0 di gestione del sito in riferimento al trattamento dei dati personali degli utenti che lo consultano. Si tratta di un\u2019informativa che \u00e8 resa anche ai sensi dell\u2019art. 13 del d.lgs. n. 196\/2003 \u2013 Codice in materia di protezione dei dati personali a coloro che<\/p>\n","protected":false},"author":1,"featured_media":0,"parent":0,"menu_order":0,"comment_status":"closed","ping_status":"closed","template":"","meta":{"footnotes":""},"class_list":["post-8291","page","type-page","status-publish","hentry"],"_links":{"self":[{"href":"https:\/\/www.telesublanterna.com\/en\/wp-json\/wp\/v2\/pages\/8291","targetHints":{"allow":["GET"]}}],"collection":[{"href":"https:\/\/www.telesublanterna.com\/en\/wp-json\/wp\/v2\/pages"}],"about":[{"href":"https:\/\/www.telesublanterna.com\/en\/wp-json\/wp\/v2\/types\/page"}],"author":[{"embeddable":true,"href":"https:\/\/www.telesublanterna.com\/en\/wp-json\/wp\/v2\/users\/1"}],"replies":[{"embeddable":true,"href":"https:\/\/www.telesublanterna.com\/en\/wp-json\/wp\/v2\/comments?post=8291"}],"version-history":[{"count":1,"href":"https:\/\/www.telesublanterna.com\/en\/wp-json\/wp\/v2\/pages\/8291\/revisions"}],"predecessor-version":[{"id":8292,"href":"https:\/\/www.telesublanterna.com\/en\/wp-json\/wp\/v2\/pages\/8291\/revisions\/8292"}],"wp:attachment":[{"href":"https:\/\/www.telesublanterna.com\/en\/wp-json\/wp\/v2\/media?parent=8291"}],"curies":[{"name":"wp","href":"https:\/\/api.w.org\/{rel}","templated":true}]}}